{"id":134,"date":"2026-01-28T20:20:01","date_gmt":"2026-01-28T23:20:01","guid":{"rendered":"https:\/\/marioteresano.com\/vencerenlaruleta\/?page_id=134"},"modified":"2026-02-07T12:49:59","modified_gmt":"2026-02-07T15:49:59","slug":"sistema-winner","status":"publish","type":"page","link":"https:\/\/marioteresano.com\/vencerenlaruleta\/sistema-winner\/","title":{"rendered":"Sistema Winner"},"content":{"rendered":"<p>Despu\u00e9s de a\u00f1os aplicando los principios de mi <strong>Libro Vencer en la Ruleta<\/strong>, y tras cientos de sesiones en casinos f\u00edsicos y virtuales, desarroll\u00e9 el <strong>Sistema Winner<\/strong>, mi sistema profesional de ruleta que utilizo personalmente para <strong>ganar en la ruleta de manera consistente<\/strong>.<\/p>\r\n<!-- \/wp:post-content -->\r\n\r\n<!-- wp:paragraph -->\r\n<p>Es un <strong>sistema de ruleta ganador<\/strong> dise\u00f1ado para jugadores que buscan <strong>estrategias de ruleta efectivas<\/strong>, maximizar ganancias y realizar <strong>apuestas inteligentes<\/strong>.<\/p>\r\n<p>Mientras muchos jugadores apuestan al azar y pierden, quienes aplican un sistema profesional, logran <strong>balances positivos a largo plazo<\/strong>, convirtiendo la ruleta en una oportunidad real de obtener ganancias.<\/p>\r\n<!-- \/wp:paragraph -->\r\n\r\n<!-- wp:paragraph -->\r\n<p>El <strong>Sistema Winner identifica los mejores momentos para apostar<\/strong>.<\/p>\r\n<p>Est\u00e1 pensado y estudiado para <strong>jugar a la ruleta como un profesional<\/strong>, para jugadores que buscan mejorar sus resultados y reducir riesgos.<\/p>\r\n<!-- \/wp:paragraph -->\r\n\r\n<!-- wp:paragraph -->\r\n<p>El <strong>Sistema Winner<\/strong> utiliza conceptos ense\u00f1ados en mi <strong>Libro Vencer en la Ruleta<\/strong>\u00a0lo que potencia su efectividad y seguridad.<\/p>\r\n<p>Disponible en formato digital, <strong>el Sistema Winner tiene un valor de US$997<\/strong>, es un sistema exclusivo para quienes ya conocen mis m\u00e9todos y quieren multiplicar sus oportunidades de ganar en la ruleta.<\/p>\r\n<p>Este sistema te ense\u00f1a a apostar con estrategia, control y disciplina, <strong>maximizando ganancias en cada sesi\u00f3n<\/strong>.<\/p>\r\n<!-- \/wp:paragraph -->\r\n\r\n<!-- wp:paragraph -->\r\n<p>Si tu objetivo es ganar en la ruleta con un sistema profesional, realizando apuestas inteligentes y seguras, el <strong>Sistema Winner<\/strong> es la herramienta definitiva para transformar tu manera de jugar y convertir la ruleta en una fuente de resultados consistentes.<\/p>\r\n<p>&nbsp;<\/p>\r\n<p><a href=\"https:\/\/www.paypal.com\/ncp\/payment\/UXZ92575VSYF4\" target=\"_blank\" rel=\"noopener\"><img loading=\"lazy\" decoding=\"async\" class=\"aligncenter wp-image-137 size-full\" src=\"https:\/\/marioteresano.com\/vencerenlaruleta\/wp-content\/uploads\/2026\/01\/sistema-winner.png\" alt=\"Sistema Winner\" width=\"400\" height=\"600\" srcset=\"https:\/\/marioteresano.com\/vencerenlaruleta\/wp-content\/uploads\/2026\/01\/sistema-winner.png 400w, https:\/\/marioteresano.com\/vencerenlaruleta\/wp-content\/uploads\/2026\/01\/sistema-winner-200x300.png 200w\" sizes=\"auto, (max-width: 400px) 100vw, 400px\" \/><\/a><\/p>\r\n<p>&nbsp;<\/p>\r\n<!-- \/wp:paragraph -->\r\n\r\n<!-- wp:paragraph -->\r\n<p><b><span style=\"color: #800000; font-size: x-large;\">Sigue estos pasos para poder jugar:<\/span><\/b><\/p>\r\n<p>1) Ingresa al casino que se encuentran aqu\u00ed debajo.<\/p>\r\n<p>2) Descarga el software de casino gratuito y procede a instalarlo en tu computadora para poner en pr\u00e1ctica los diferentes m\u00e9todos.<\/p>\r\n<p>3) Registra una cuenta por Dinero Real, para poder poner en pr\u00e1ctica los m\u00e9todos aprendidos en este sitio Web (se puede depositar a trav\u00e9s de tarjetas de cr\u00e9dito o m\u00e9todos alternativos de pago).<\/p>\r\n<p>&nbsp;<\/p>\r\n<p align=\"center\"><script src=\"https:\/\/c.bannerflow.net\/a\/6687e5b2c965887fb78a2ec9?did=657fff592225a91f2b2e2296&amp;deeplink=on&amp;adgroupid=6687e5b2c965887fb78a2ed0&amp;redirecturl=https:\/\/record.caba.betsson.bet.ar\/_miIiYpKhJuE8TTrlZEGLGe51t5g1cLjN\/1&amp;media=208362&amp;campaign=1\" async=\"\"><\/script><\/p>\r\n<p>&nbsp;<\/p>\r\n<p><b><span style=\"color: #800000; font-size: x-large;\">Libro\/Ebook: Vencer en la Ruleta (Bilingual Edition)<\/span><\/b><\/p>\r\n<p>La ventaja fundamental de este libro es que, adem\u00e1s de aprender c\u00f3mo ganar en la ruleta de los casinos virtuales, aprender\u00e1s c\u00f3mo optimizar el resultado de cualquier sistema que desees utilizar, es decir, que podr\u00e1s mejorar los resultados de cualquier estrategia de juego.<\/p>\r\n<p>El libro contiene las t\u00e9cnicas utilizadas para adaptar los sistemas y una variedad de estrategias donde pueden ser aplicadas.<\/p>\r\n<p>Para complementar la obra, tambi\u00e9n encontrar\u00e1s una serie de consejos a tener en cuenta a la hora de aplicar las t\u00e9cnicas aprendidas, incluyendo el correcto manejo del capital.<\/p>\r\n<p>En conclusi\u00f3n, un libro completo, sencillo y f\u00e1cil de aprender que no requiere para el lector, tener que leer un centenar de p\u00e1ginas para aprender como ganar en la ruleta de los Casinos Virtuales.<\/p>\r\n<p>&nbsp;<\/p>\r\n<p><a href=\"https:\/\/pay.hotmart.com\/O102973280K\" target=\"_blank\" rel=\"noopener\"><img loading=\"lazy\" decoding=\"async\" class=\"aligncenter wp-image-10 size-full\" src=\"https:\/\/marioteresano.com\/vencerenlaruleta\/wp-content\/uploads\/2025\/02\/vencer-ruleta-02.gif\" alt=\"\" width=\"600\" height=\"250\" \/><\/a><\/p>\r\n<p>&nbsp;<\/p>","protected":false},"excerpt":{"rendered":"<p>Despu\u00e9s de a\u00f1os aplicando los principios de mi Libro Vencer en la Ruleta, y tras cientos de sesiones en casinos f\u00edsicos y virtuales, desarroll\u00e9 el Sistema Winner, mi sistema profesional &hellip; <\/p>\n","protected":false},"author":2,"featured_media":0,"parent":0,"menu_order":0,"comment_status":"closed","ping_status":"closed","template":"","meta":{"footnotes":""},"class_list":["post-134","page","type-page","status-publish","hentry"],"_links":{"self":[{"href":"https:\/\/marioteresano.com\/vencerenlaruleta\/wp-json\/wp\/v2\/pages\/134","targetHints":{"allow":["GET"]}}],"collection":[{"href":"https:\/\/marioteresano.com\/vencerenlaruleta\/wp-json\/wp\/v2\/pages"}],"about":[{"href":"https:\/\/marioteresano.com\/vencerenlaruleta\/wp-json\/wp\/v2\/types\/page"}],"author":[{"embeddable":true,"href":"https:\/\/marioteresano.com\/vencerenlaruleta\/wp-json\/wp\/v2\/users\/2"}],"replies":[{"embeddable":true,"href":"https:\/\/marioteresano.com\/vencerenlaruleta\/wp-json\/wp\/v2\/comments?post=134"}],"version-history":[{"count":16,"href":"https:\/\/marioteresano.com\/vencerenlaruleta\/wp-json\/wp\/v2\/pages\/134\/revisions"}],"predecessor-version":[{"id":233,"href":"https:\/\/marioteresano.com\/vencerenlaruleta\/wp-json\/wp\/v2\/pages\/134\/revisions\/233"}],"wp:attachment":[{"href":"https:\/\/marioteresano.com\/vencerenlaruleta\/wp-json\/wp\/v2\/media?parent=134"}],"curies":[{"name":"wp","href":"https:\/\/api.w.org\/{rel}","templated":true}]}}