{"id":178,"date":"2026-02-07T11:02:04","date_gmt":"2026-02-07T14:02:04","guid":{"rendered":"https:\/\/marioteresano.com\/vencerenlaruleta\/?page_id=178"},"modified":"2026-02-07T21:25:32","modified_gmt":"2026-02-08T00:25:32","slug":"compilado-de-sistemas-de-ruleta","status":"publish","type":"page","link":"https:\/\/marioteresano.com\/vencerenlaruleta\/compilado-de-sistemas-de-ruleta\/","title":{"rendered":"Compilado de Sistemas de Ruleta"},"content":{"rendered":"<p data-start=\"286\" data-end=\"565\">Este <strong data-start=\"291\" data-end=\"326\">Compilado de Sistemas de Ruleta<\/strong> fue creado como el complemento natural de mi Libro Vencer en la Ruleta.<\/p>\n<p data-start=\"286\" data-end=\"565\">El objetivo es brindarte <strong data-start=\"464\" data-end=\"486\">materia prima real<\/strong> para aplicar correctamente las t\u00e9cnicas profesionales que explico en el libro.<\/p>\n<p data-start=\"286\" data-end=\"565\">El compilado incluye <strong data-start=\"588\" data-end=\"621\">m\u00e1s de 100 sistemas de ruleta<\/strong>, tanto simples como avanzados, pensados para que puedas <strong data-start=\"678\" data-end=\"721\">adaptar y optimizar estrategias<\/strong> en distintas condiciones de juego.<\/p>\n<p data-start=\"286\" data-end=\"565\">Muchos jugadores fracasan porque aplican sistemas sin criterio; este material existe justamente para evitar eso.<\/p>\n<p data-start=\"286\" data-end=\"565\">Al combinar este compilado con las reglas y t\u00e9cnicas de optimizaci\u00f3n explicadas en mi Libro Vencer en la Ruleta, vas a poder:<\/p>\n<ul>\n<li data-start=\"286\" data-end=\"565\"><span style=\"font-size: 1rem;\">Analizar sistemas con mentalidad profesional.<\/span><\/li>\n<li data-start=\"286\" data-end=\"565\">Detectar fortalezas y debilidades de cada estrategia.<\/li>\n<li data-start=\"286\" data-end=\"565\">Aplicar filtros de seguridad y timing.<\/li>\n<li data-start=\"286\" data-end=\"565\">Buscar balances positivos en m\u00faltiples sesiones.<\/li>\n<\/ul>\n<p>Este material est\u00e1 orientado a jugadores que quieren <strong style=\"font-size: 1rem;\" data-start=\"1244\" data-end=\"1268\">entrenar el criterio<\/strong><span style=\"font-size: 1rem;\">, no a quienes buscan f\u00f3rmulas m\u00e1gicas.<\/span><\/p>\n<p><span style=\"font-size: 1rem;\">Es ideal para quienes ya entendieron que ganar en la ruleta no depende de un sistema aislado, sino de <\/span><strong style=\"font-size: 1rem;\" data-start=\"1410\" data-end=\"1439\">c\u00f3mo, cu\u00e1ndo y por cu\u00e1nto<\/strong><span style=\"font-size: 1rem;\"> se apuesta.<\/span><\/p>\n<p data-start=\"1453\" data-end=\"1548\">Si el libro te ense\u00f1a <strong>como adaptar cualquier sistema para hacerlo mas seguro y ganador<\/strong>, este compilado te da <strong data-start=\"1513\" data-end=\"1547\">d\u00f3nde aplicar ese conocimiento<\/strong>.<\/p>\n<p>&nbsp;<\/p>\n<p style=\"text-align: center;\"><a href=\"https:\/\/www.paypal.com\/ncp\/payment\/BT3WLERQ2RPRU\" target=\"_blank\" rel=\"noopener\"><img loading=\"lazy\" decoding=\"async\" class=\"aligncenter wp-image-244 size-full\" src=\"https:\/\/marioteresano.com\/vencerenlaruleta\/wp-content\/uploads\/2026\/02\/compilado-de-sistemas-de-ruleta.jpg\" alt=\"\" width=\"400\" height=\"600\" srcset=\"https:\/\/marioteresano.com\/vencerenlaruleta\/wp-content\/uploads\/2026\/02\/compilado-de-sistemas-de-ruleta.jpg 400w, https:\/\/marioteresano.com\/vencerenlaruleta\/wp-content\/uploads\/2026\/02\/compilado-de-sistemas-de-ruleta-200x300.jpg 200w\" sizes=\"auto, (max-width: 400px) 100vw, 400px\" \/><\/a><\/p>\n<p>&nbsp;<\/p>\n<p><b><span style=\"color: #800000; font-size: x-large;\">Sigue estos pasos para poder jugar:<\/span><\/b><\/p>\n<p>1) Ingresa al casino que se encuentran aqu\u00ed debajo.<\/p>\n<p>2) Descarga el software de casino gratuito y procede a instalarlo en tu computadora para poner en pr\u00e1ctica los diferentes m\u00e9todos.<\/p>\n<p>3) Registra una cuenta por Dinero Real, para poder poner en pr\u00e1ctica los m\u00e9todos aprendidos en este sitio Web (se puede depositar a trav\u00e9s de tarjetas de cr\u00e9dito o m\u00e9todos alternativos de pago).<\/p>\n<p>&nbsp;<\/p>\n<p align=\"center\"><script src=\"https:\/\/c.bannerflow.net\/a\/6687e5b2c965887fb78a2ec9?did=657fff592225a91f2b2e2296&amp;deeplink=on&amp;adgroupid=6687e5b2c965887fb78a2ed0&amp;redirecturl=https:\/\/record.caba.betsson.bet.ar\/_miIiYpKhJuE8TTrlZEGLGe51t5g1cLjN\/1&amp;media=208362&amp;campaign=1\" async=\"\"><\/script><\/p>\n<p>&nbsp;<\/p>\n<p><b><span style=\"color: #800000; font-size: x-large;\">Libro\/Ebook: Vencer en la Ruleta (Bilingual Edition)<\/span><\/b><\/p>\n<p>La ventaja fundamental de este libro es que, adem\u00e1s de aprender c\u00f3mo ganar en la ruleta de los casinos virtuales, aprender\u00e1s c\u00f3mo optimizar el resultado de cualquier sistema que desees utilizar, es decir, que podr\u00e1s mejorar los resultados de cualquier estrategia de juego.<\/p>\n<p>El libro contiene las t\u00e9cnicas utilizadas para adaptar los sistemas y una variedad de estrategias donde pueden ser aplicadas.<\/p>\n<p>Para complementar la obra, tambi\u00e9n encontrar\u00e1s una serie de consejos a tener en cuenta a la hora de aplicar las t\u00e9cnicas aprendidas, incluyendo el correcto manejo del capital.<\/p>\n<p>En conclusi\u00f3n, un libro completo, sencillo y f\u00e1cil de aprender que no requiere para el lector, tener que leer un centenar de p\u00e1ginas para aprender como ganar en la ruleta de los Casinos Virtuales.<\/p>\n<p>&nbsp;<\/p>\n<p><a href=\"https:\/\/pay.hotmart.com\/O102973280K\" target=\"_blank\" rel=\"noopener\"><img loading=\"lazy\" decoding=\"async\" class=\"aligncenter wp-image-10 size-full\" src=\"https:\/\/marioteresano.com\/vencerenlaruleta\/wp-content\/uploads\/2025\/02\/vencer-ruleta-02.gif\" alt=\"\" width=\"600\" height=\"250\" \/><\/a><\/p>\n<p>&nbsp;<\/p>\n","protected":false},"excerpt":{"rendered":"<p>Este Compilado de Sistemas de Ruleta fue creado como el complemento natural de mi Libro Vencer en la Ruleta. El objetivo es brindarte materia prima real para aplicar correctamente las &hellip; <\/p>\n","protected":false},"author":2,"featured_media":0,"parent":0,"menu_order":0,"comment_status":"closed","ping_status":"closed","template":"","meta":{"footnotes":""},"class_list":["post-178","page","type-page","status-publish","hentry"],"_links":{"self":[{"href":"https:\/\/marioteresano.com\/vencerenlaruleta\/wp-json\/wp\/v2\/pages\/178","targetHints":{"allow":["GET"]}}],"collection":[{"href":"https:\/\/marioteresano.com\/vencerenlaruleta\/wp-json\/wp\/v2\/pages"}],"about":[{"href":"https:\/\/marioteresano.com\/vencerenlaruleta\/wp-json\/wp\/v2\/types\/page"}],"author":[{"embeddable":true,"href":"https:\/\/marioteresano.com\/vencerenlaruleta\/wp-json\/wp\/v2\/users\/2"}],"replies":[{"embeddable":true,"href":"https:\/\/marioteresano.com\/vencerenlaruleta\/wp-json\/wp\/v2\/comments?post=178"}],"version-history":[{"count":7,"href":"https:\/\/marioteresano.com\/vencerenlaruleta\/wp-json\/wp\/v2\/pages\/178\/revisions"}],"predecessor-version":[{"id":245,"href":"https:\/\/marioteresano.com\/vencerenlaruleta\/wp-json\/wp\/v2\/pages\/178\/revisions\/245"}],"wp:attachment":[{"href":"https:\/\/marioteresano.com\/vencerenlaruleta\/wp-json\/wp\/v2\/media?parent=178"}],"curies":[{"name":"wp","href":"https:\/\/api.w.org\/{rel}","templated":true}]}}