{"id":182,"date":"2026-02-07T11:04:47","date_gmt":"2026-02-07T14:04:47","guid":{"rendered":"https:\/\/marioteresano.com\/vencerenlaruleta\/?page_id=182"},"modified":"2026-02-07T21:26:36","modified_gmt":"2026-02-08T00:26:36","slug":"compilado-de-sistemas-de-quiniela","status":"publish","type":"page","link":"https:\/\/marioteresano.com\/vencerenlaruleta\/compilado-de-sistemas-de-quiniela\/","title":{"rendered":"Compilado de Sistemas de Quiniela"},"content":{"rendered":"<p data-start=\"1805\" data-end=\"2039\">Aunque mi libro se titula <strong>Vencer en la Ruleta<\/strong>, las t\u00e9cnicas que all\u00ed explico <strong data-start=\"1884\" data-end=\"1918\">no son exclusivas de la ruleta<\/strong>.<\/p>\n<p data-start=\"1805\" data-end=\"2039\">Los principios de optimizaci\u00f3n, an\u00e1lisis y control de riesgo tambi\u00e9n pueden aplicarse a otros juegos, como la quiniela.<\/p>\n<p data-start=\"1805\" data-end=\"2039\">Este <strong data-start=\"2046\" data-end=\"2083\">Compilado de Sistemas de Quiniela<\/strong> re\u00fane <strong data-start=\"2090\" data-end=\"2134\">15 sistemas cuidadosamente seleccionados<\/strong>, pensados para que puedas aplicar las mismas reglas estrat\u00e9gicas aprendidas en el libro, pero adaptadas a este juego.<\/p>\n<p data-start=\"1805\" data-end=\"2039\">La mayor\u00eda de los jugadores de quiniela apuestan sin m\u00e9todos, repitiendo combinaciones sin an\u00e1lisis ni estructura.<\/p>\n<p data-start=\"1805\" data-end=\"2039\">Este material te permite trabajar las estrategias con un enfoque m\u00e1s profesional, evaluando resultados, ajustando variables y entendiendo que el objetivo no es ganar siempre, sino <strong data-start=\"2555\" data-end=\"2599\">mejorar el balance a lo largo del tiempo<\/strong>.<\/p>\n<p data-start=\"1805\" data-end=\"2039\">Este compilado no promete resultados irreales ni atajos imposibles.<\/p>\n<p data-start=\"1805\" data-end=\"2039\">Est\u00e1 dise\u00f1ado para jugadores que quieren <strong data-start=\"2711\" data-end=\"2740\">ordenar su forma de jugar<\/strong>, aplicar inteligencia y dejar de depender del azar puro.<\/p>\n<p data-start=\"1805\" data-end=\"2039\">Si ya comprendiste c\u00f3mo mejorar estrategias en la ruleta, este compilado te permite <strong data-start=\"2883\" data-end=\"2927\">trasladar ese conocimiento a la quiniela<\/strong>, ampliando tus posibilidades de aplicaci\u00f3n.<\/p>\n<p>&nbsp;<\/p>\n<p style=\"text-align: center;\"><a href=\"https:\/\/www.paypal.com\/ncp\/payment\/P5XSSBQU87JXG\" target=\"_blank\" rel=\"noopener\"><img loading=\"lazy\" decoding=\"async\" class=\"aligncenter wp-image-243 size-full\" src=\"https:\/\/marioteresano.com\/vencerenlaruleta\/wp-content\/uploads\/2026\/02\/compilado-de-sistemas-de-quiniela.jpg\" alt=\"\" width=\"400\" height=\"600\" srcset=\"https:\/\/marioteresano.com\/vencerenlaruleta\/wp-content\/uploads\/2026\/02\/compilado-de-sistemas-de-quiniela.jpg 400w, https:\/\/marioteresano.com\/vencerenlaruleta\/wp-content\/uploads\/2026\/02\/compilado-de-sistemas-de-quiniela-200x300.jpg 200w\" sizes=\"auto, (max-width: 400px) 100vw, 400px\" \/><\/a><\/p>\n<p>&nbsp;<\/p>\n<p><b><span style=\"color: #800000; font-size: x-large;\">Sigue estos pasos para poder jugar:<\/span><\/b><\/p>\n<p>1) Ingresa al casino que se encuentran aqu\u00ed debajo.<\/p>\n<p>2) Descarga el software de casino gratuito y procede a instalarlo en tu computadora para poner en pr\u00e1ctica los diferentes m\u00e9todos.<\/p>\n<p>3) Registra una cuenta por Dinero Real, para poder poner en pr\u00e1ctica los m\u00e9todos aprendidos en este sitio Web (se puede depositar a trav\u00e9s de tarjetas de cr\u00e9dito o m\u00e9todos alternativos de pago).<\/p>\n<p>&nbsp;<\/p>\n<p align=\"center\"><script src=\"https:\/\/c.bannerflow.net\/a\/6687e5b2c965887fb78a2ec9?did=657fff592225a91f2b2e2296&amp;deeplink=on&amp;adgroupid=6687e5b2c965887fb78a2ed0&amp;redirecturl=https:\/\/record.caba.betsson.bet.ar\/_miIiYpKhJuE8TTrlZEGLGe51t5g1cLjN\/1&amp;media=208362&amp;campaign=1\" async=\"\"><\/script><\/p>\n<p>&nbsp;<\/p>\n<p><b><span style=\"color: #800000; font-size: x-large;\">Libro\/Ebook: Vencer en la Ruleta (Bilingual Edition)<\/span><\/b><\/p>\n<p>La ventaja fundamental de este libro es que, adem\u00e1s de aprender c\u00f3mo ganar en la ruleta de los casinos virtuales, aprender\u00e1s c\u00f3mo optimizar el resultado de cualquier sistema que desees utilizar, es decir, que podr\u00e1s mejorar los resultados de cualquier estrategia de juego.<\/p>\n<p>El libro contiene las t\u00e9cnicas utilizadas para adaptar los sistemas y una variedad de estrategias donde pueden ser aplicadas.<\/p>\n<p>Para complementar la obra, tambi\u00e9n encontrar\u00e1s una serie de consejos a tener en cuenta a la hora de aplicar las t\u00e9cnicas aprendidas, incluyendo el correcto manejo del capital.<\/p>\n<p>En conclusi\u00f3n, un libro completo, sencillo y f\u00e1cil de aprender que no requiere para el lector, tener que leer un centenar de p\u00e1ginas para aprender como ganar en la ruleta de los Casinos Virtuales.<\/p>\n<p>&nbsp;<\/p>\n<p><a href=\"https:\/\/pay.hotmart.com\/O102973280K\" target=\"_blank\" rel=\"noopener\"><img loading=\"lazy\" decoding=\"async\" class=\"aligncenter wp-image-10 size-full\" src=\"https:\/\/marioteresano.com\/vencerenlaruleta\/wp-content\/uploads\/2025\/02\/vencer-ruleta-02.gif\" alt=\"\" width=\"600\" height=\"250\" \/><\/a><\/p>\n<p>&nbsp;<\/p>\n","protected":false},"excerpt":{"rendered":"<p>Aunque mi libro se titula Vencer en la Ruleta, las t\u00e9cnicas que all\u00ed explico no son exclusivas de la ruleta. Los principios de optimizaci\u00f3n, an\u00e1lisis y control de riesgo tambi\u00e9n &hellip; <\/p>\n","protected":false},"author":2,"featured_media":0,"parent":0,"menu_order":0,"comment_status":"closed","ping_status":"closed","template":"","meta":{"footnotes":""},"class_list":["post-182","page","type-page","status-publish","hentry"],"_links":{"self":[{"href":"https:\/\/marioteresano.com\/vencerenlaruleta\/wp-json\/wp\/v2\/pages\/182","targetHints":{"allow":["GET"]}}],"collection":[{"href":"https:\/\/marioteresano.com\/vencerenlaruleta\/wp-json\/wp\/v2\/pages"}],"about":[{"href":"https:\/\/marioteresano.com\/vencerenlaruleta\/wp-json\/wp\/v2\/types\/page"}],"author":[{"embeddable":true,"href":"https:\/\/marioteresano.com\/vencerenlaruleta\/wp-json\/wp\/v2\/users\/2"}],"replies":[{"embeddable":true,"href":"https:\/\/marioteresano.com\/vencerenlaruleta\/wp-json\/wp\/v2\/comments?post=182"}],"version-history":[{"count":11,"href":"https:\/\/marioteresano.com\/vencerenlaruleta\/wp-json\/wp\/v2\/pages\/182\/revisions"}],"predecessor-version":[{"id":246,"href":"https:\/\/marioteresano.com\/vencerenlaruleta\/wp-json\/wp\/v2\/pages\/182\/revisions\/246"}],"wp:attachment":[{"href":"https:\/\/marioteresano.com\/vencerenlaruleta\/wp-json\/wp\/v2\/media?parent=182"}],"curies":[{"name":"wp","href":"https:\/\/api.w.org\/{rel}","templated":true}]}}