{"id":198,"date":"2026-02-07T11:41:50","date_gmt":"2026-02-07T14:41:50","guid":{"rendered":"https:\/\/marioteresano.com\/vencerenlaruleta\/?page_id=198"},"modified":"2026-02-07T12:52:04","modified_gmt":"2026-02-07T15:52:04","slug":"programas-recomendados","status":"publish","type":"page","link":"https:\/\/marioteresano.com\/vencerenlaruleta\/programas-recomendados\/","title":{"rendered":"Programas Recomendados"},"content":{"rendered":"<p>Conoce <strong>mis mejores programas<\/strong> para apostar y ganar como un jugador profesional.<\/p>\n<p><span style=\"color: #ff0000;\"><strong><a style=\"color: #ff0000;\" href=\"https:\/\/marioteresano.com\/vencerenlaruleta\/programa-aplicacion-en-ruleta\/\">Programa Aplicaci\u00f3n en Ruleta<\/a><\/strong><\/span><\/p>\n<p><span style=\"color: #ff0000;\"><strong><a style=\"color: #ff0000;\" href=\"https:\/\/marioteresano.com\/vencerenlaruleta\/programa-dominio-de-sistemas\/\">Programa Dominio de Sistemas<\/a><\/strong><\/span><\/p>\n<p>&nbsp;<\/p>\n<p><b><span style=\"color: #800000; font-size: x-large;\">Sigue estos pasos para poder jugar:<\/span><\/b><\/p>\n<p>1) Ingresa al casino que se encuentran aqu\u00ed debajo.<\/p>\n<p>2) Descarga el software de casino gratuito y procede a instalarlo en tu computadora para poner en pr\u00e1ctica los diferentes m\u00e9todos.<\/p>\n<p>3) Registra una cuenta por Dinero Real, para poder poner en pr\u00e1ctica los m\u00e9todos aprendidos en este sitio Web (se puede depositar a trav\u00e9s de tarjetas de cr\u00e9dito o m\u00e9todos alternativos de pago).<\/p>\n<p>&nbsp;<\/p>\n<p align=\"center\"><script src=\"https:\/\/c.bannerflow.net\/a\/6687e5b2c965887fb78a2ec9?did=657fff592225a91f2b2e2296&amp;deeplink=on&amp;adgroupid=6687e5b2c965887fb78a2ed0&amp;redirecturl=https:\/\/record.caba.betsson.bet.ar\/_miIiYpKhJuE8TTrlZEGLGe51t5g1cLjN\/1&amp;media=208362&amp;campaign=1\" async=\"\"><\/script><\/p>\n<p>&nbsp;<\/p>\n<p><b><span style=\"color: #800000; font-size: x-large;\">Libro\/Ebook: Vencer en la Ruleta (Bilingual Edition)<\/span><\/b><\/p>\n<p>La ventaja fundamental de este libro es que, adem\u00e1s de aprender c\u00f3mo ganar en la ruleta de los casinos virtuales, aprender\u00e1s c\u00f3mo optimizar el resultado de cualquier sistema que desees utilizar, es decir, que podr\u00e1s mejorar los resultados de cualquier estrategia de juego.<\/p>\n<p>El libro contiene las t\u00e9cnicas utilizadas para adaptar los sistemas y una variedad de estrategias donde pueden ser aplicadas.<\/p>\n<p>Para complementar la obra, tambi\u00e9n encontrar\u00e1s una serie de consejos a tener en cuenta a la hora de aplicar las t\u00e9cnicas aprendidas, incluyendo el correcto manejo del capital.<\/p>\n<p>En conclusi\u00f3n, un libro completo, sencillo y f\u00e1cil de aprender que no requiere para el lector, tener que leer un centenar de p\u00e1ginas para aprender como ganar en la ruleta de los Casinos Virtuales.<\/p>\n<p>&nbsp;<\/p>\n<p><a href=\"https:\/\/pay.hotmart.com\/O102973280K\" target=\"_blank\" rel=\"noopener\"><img loading=\"lazy\" decoding=\"async\" class=\"aligncenter wp-image-10 size-full\" src=\"https:\/\/marioteresano.com\/vencerenlaruleta\/wp-content\/uploads\/2025\/02\/vencer-ruleta-02.gif\" alt=\"\" width=\"600\" height=\"250\" \/><\/a><\/p>\n<p>&nbsp;<\/p>\n","protected":false},"excerpt":{"rendered":"<p>Conoce mis mejores programas para apostar y ganar como un jugador profesional. Programa Aplicaci\u00f3n en Ruleta Programa Dominio de Sistemas &nbsp; Sigue estos pasos para poder jugar: 1) Ingresa al &hellip; <\/p>\n","protected":false},"author":2,"featured_media":0,"parent":0,"menu_order":0,"comment_status":"closed","ping_status":"closed","template":"","meta":{"footnotes":""},"class_list":["post-198","page","type-page","status-publish","hentry"],"_links":{"self":[{"href":"https:\/\/marioteresano.com\/vencerenlaruleta\/wp-json\/wp\/v2\/pages\/198","targetHints":{"allow":["GET"]}}],"collection":[{"href":"https:\/\/marioteresano.com\/vencerenlaruleta\/wp-json\/wp\/v2\/pages"}],"about":[{"href":"https:\/\/marioteresano.com\/vencerenlaruleta\/wp-json\/wp\/v2\/types\/page"}],"author":[{"embeddable":true,"href":"https:\/\/marioteresano.com\/vencerenlaruleta\/wp-json\/wp\/v2\/users\/2"}],"replies":[{"embeddable":true,"href":"https:\/\/marioteresano.com\/vencerenlaruleta\/wp-json\/wp\/v2\/comments?post=198"}],"version-history":[{"count":6,"href":"https:\/\/marioteresano.com\/vencerenlaruleta\/wp-json\/wp\/v2\/pages\/198\/revisions"}],"predecessor-version":[{"id":236,"href":"https:\/\/marioteresano.com\/vencerenlaruleta\/wp-json\/wp\/v2\/pages\/198\/revisions\/236"}],"wp:attachment":[{"href":"https:\/\/marioteresano.com\/vencerenlaruleta\/wp-json\/wp\/v2\/media?parent=198"}],"curies":[{"name":"wp","href":"https:\/\/api.w.org\/{rel}","templated":true}]}}