{"id":200,"date":"2026-02-07T11:42:11","date_gmt":"2026-02-07T14:42:11","guid":{"rendered":"https:\/\/marioteresano.com\/vencerenlaruleta\/?page_id=200"},"modified":"2026-02-07T12:45:47","modified_gmt":"2026-02-07T15:45:47","slug":"programa-aplicacion-en-ruleta","status":"publish","type":"page","link":"https:\/\/marioteresano.com\/vencerenlaruleta\/programa-aplicacion-en-ruleta\/","title":{"rendered":"Programa Aplicaci\u00f3n en Ruleta"},"content":{"rendered":"<p data-start=\"478\" data-end=\"599\">El <strong>Programa Aplicaci\u00f3n en Ruleta<\/strong> es para quien quiere dejar de jugar a ciegas y empezar a jugar con criterio.<\/p>\n<p data-start=\"478\" data-end=\"599\">Mi <strong>Libro Vecer en la Ruleta<\/strong> te ense\u00f1a c\u00f3mo mejorar cualquier estrategia que utilices para\u00a0 hacerla mas segura y ganadora a largo plazo.<\/p>\n<p data-start=\"478\" data-end=\"599\">El compilado de sistemas te da <strong data-start=\"758\" data-end=\"805\">el terreno real donde aplicar esas t\u00e9cnicas<\/strong>.<\/p>\n<p data-start=\"478\" data-end=\"599\">Sin sistemas, el conocimiento queda en teor\u00eda.<\/p>\n<p data-start=\"478\" data-end=\"599\">Sin conocimiento, los sistemas son solo apuestas sin control.<\/p>\n<p data-start=\"478\" data-end=\"599\"><strong>El Programa Aplicaci\u00f3n en Ruleta es ideal para:<\/strong><\/p>\n<ul>\n<li><span style=\"font-size: 1rem;\">Principiantes serios hasta jugadores avanzados.<\/span><\/li>\n<li data-start=\"478\" data-end=\"599\">Jugadores que quieren estructura y m\u00e9todo.<\/li>\n<li data-start=\"478\" data-end=\"599\">Quienes quieren material real para practicar.<\/li>\n<\/ul>\n<p data-start=\"478\" data-end=\"599\"><strong>Incluye:<\/strong><\/p>\n<ul>\n<li><strong data-start=\"385\" data-end=\"408\">Libro\/Ebook Vencer en la Ruleta (by Mario Teresano)<\/strong>.<\/li>\n<li><strong data-start=\"414\" data-end=\"454\">Compilado de +100 Sistemas de Ruleta<\/strong>.<\/li>\n<\/ul>\n<p>&nbsp;<\/p>\n<p style=\"text-align: center;\"><a href=\"https:\/\/www.paypal.com\/ncp\/payment\/TXGMT6XR49M4W\" target=\"_blank\" rel=\"noopener\"><img loading=\"lazy\" decoding=\"async\" class=\"aligncenter wp-image-208 size-full\" src=\"https:\/\/marioteresano.com\/vencerenlaruleta\/wp-content\/uploads\/2026\/02\/programa-aplicacion-en-ruleta.png\" alt=\"\" width=\"400\" height=\"600\" srcset=\"https:\/\/marioteresano.com\/vencerenlaruleta\/wp-content\/uploads\/2026\/02\/programa-aplicacion-en-ruleta.png 400w, https:\/\/marioteresano.com\/vencerenlaruleta\/wp-content\/uploads\/2026\/02\/programa-aplicacion-en-ruleta-200x300.png 200w\" sizes=\"auto, (max-width: 400px) 100vw, 400px\" \/><\/a><\/p>\n<p>&nbsp;<\/p>\n<p><b><span style=\"color: #800000; font-size: x-large;\">Sigue estos pasos para poder jugar:<\/span><\/b><\/p>\n<p>1) Ingresa al casino que se encuentran aqu\u00ed debajo.<\/p>\n<p>2) Descarga el software de casino gratuito y procede a instalarlo en tu computadora para poner en pr\u00e1ctica los diferentes m\u00e9todos.<\/p>\n<p>3) Registra una cuenta por Dinero Real, para poder poner en pr\u00e1ctica los m\u00e9todos aprendidos en este sitio Web (se puede depositar a trav\u00e9s de tarjetas de cr\u00e9dito o m\u00e9todos alternativos de pago).<\/p>\n<p>&nbsp;<\/p>\n<p align=\"center\"><script src=\"https:\/\/c.bannerflow.net\/a\/6687e5b2c965887fb78a2ec9?did=657fff592225a91f2b2e2296&amp;deeplink=on&amp;adgroupid=6687e5b2c965887fb78a2ed0&amp;redirecturl=https:\/\/record.caba.betsson.bet.ar\/_miIiYpKhJuE8TTrlZEGLGe51t5g1cLjN\/1&amp;media=208362&amp;campaign=1\" async=\"\"><\/script><\/p>\n<p>&nbsp;<\/p>\n<p><b><span style=\"color: #800000; font-size: x-large;\">Libro\/Ebook: Vencer en la Ruleta (Bilingual Edition)<\/span><\/b><\/p>\n<p>La ventaja fundamental de este libro es que, adem\u00e1s de aprender c\u00f3mo ganar en la ruleta de los casinos virtuales, aprender\u00e1s c\u00f3mo optimizar el resultado de cualquier sistema que desees utilizar, es decir, que podr\u00e1s mejorar los resultados de cualquier estrategia de juego.<\/p>\n<p>El libro contiene las t\u00e9cnicas utilizadas para adaptar los sistemas y una variedad de estrategias donde pueden ser aplicadas.<\/p>\n<p>Para complementar la obra, tambi\u00e9n encontrar\u00e1s una serie de consejos a tener en cuenta a la hora de aplicar las t\u00e9cnicas aprendidas, incluyendo el correcto manejo del capital.<\/p>\n<p>En conclusi\u00f3n, un libro completo, sencillo y f\u00e1cil de aprender que no requiere para el lector, tener que leer un centenar de p\u00e1ginas para aprender como ganar en la ruleta de los Casinos Virtuales.<\/p>\n<p>&nbsp;<\/p>\n<p><a href=\"https:\/\/pay.hotmart.com\/O102973280K\" target=\"_blank\" rel=\"noopener\"><img loading=\"lazy\" decoding=\"async\" class=\"aligncenter wp-image-10 size-full\" src=\"https:\/\/marioteresano.com\/vencerenlaruleta\/wp-content\/uploads\/2025\/02\/vencer-ruleta-02.gif\" alt=\"\" width=\"600\" height=\"250\" \/><\/a><\/p>\n<p>&nbsp;<\/p>\n","protected":false},"excerpt":{"rendered":"<p>El Programa Aplicaci\u00f3n en Ruleta es para quien quiere dejar de jugar a ciegas y empezar a jugar con criterio. Mi Libro Vecer en la Ruleta te ense\u00f1a c\u00f3mo mejorar &hellip; <\/p>\n","protected":false},"author":2,"featured_media":0,"parent":0,"menu_order":0,"comment_status":"closed","ping_status":"closed","template":"","meta":{"footnotes":""},"class_list":["post-200","page","type-page","status-publish","hentry"],"_links":{"self":[{"href":"https:\/\/marioteresano.com\/vencerenlaruleta\/wp-json\/wp\/v2\/pages\/200","targetHints":{"allow":["GET"]}}],"collection":[{"href":"https:\/\/marioteresano.com\/vencerenlaruleta\/wp-json\/wp\/v2\/pages"}],"about":[{"href":"https:\/\/marioteresano.com\/vencerenlaruleta\/wp-json\/wp\/v2\/types\/page"}],"author":[{"embeddable":true,"href":"https:\/\/marioteresano.com\/vencerenlaruleta\/wp-json\/wp\/v2\/users\/2"}],"replies":[{"embeddable":true,"href":"https:\/\/marioteresano.com\/vencerenlaruleta\/wp-json\/wp\/v2\/comments?post=200"}],"version-history":[{"count":10,"href":"https:\/\/marioteresano.com\/vencerenlaruleta\/wp-json\/wp\/v2\/pages\/200\/revisions"}],"predecessor-version":[{"id":227,"href":"https:\/\/marioteresano.com\/vencerenlaruleta\/wp-json\/wp\/v2\/pages\/200\/revisions\/227"}],"wp:attachment":[{"href":"https:\/\/marioteresano.com\/vencerenlaruleta\/wp-json\/wp\/v2\/media?parent=200"}],"curies":[{"name":"wp","href":"https:\/\/api.w.org\/{rel}","templated":true}]}}