{"id":41,"date":"2025-02-18T14:03:48","date_gmt":"2025-02-18T14:03:48","guid":{"rendered":"https:\/\/marioteresano.com\/vencerenlaruleta\/?page_id=41"},"modified":"2026-02-07T20:44:05","modified_gmt":"2026-02-07T23:44:05","slug":"mario-teresano","status":"publish","type":"page","link":"https:\/\/marioteresano.com\/vencerenlaruleta\/","title":{"rendered":"Mario Teresano"},"content":{"rendered":"\r\n<p>Mi labor como sistemista y jugador profesional de ruleta comenz\u00f3 en el a\u00f1o 1999 cuando pis\u00e9 por primera vez un casino&#8230;<\/p>\r\n\r\n\r\n\r\n<p>Durante mis primeras sesiones de juego en la ruleta, not\u00e9 c\u00f3mo la mayor\u00eda de la gente realizaba apuestas sin sentido, perdedoras a la larga, s\u00f3lo algunos pocos parec\u00edan saber qu\u00e9 hacer.<\/p>\r\n\r\n\r\n\r\n<p>Estas personas, com\u00fanmente llamadas \u00absistemistas\u00bb entre los jugadores profesionales, eran las que aplicaban sistemas.<\/p>\r\n\r\n\r\n\r\n<p>Los sistemas son simplemente una forma de realizar las apuestas pero estudiadas con anterioridad en una gran cantidad de sesiones de juego.<\/p>\r\n\r\n\r\n\r\n<p>Aquellos sistemas que ofrezcan los mejores resultados en una gran cantidad de sesiones de juego ser\u00e1n luego los utilizados por el apostador.<\/p>\r\n\r\n\r\n\r\n<p>Debe quedar claro que la finalidad de los sistemas es obtener mayor cantidad de ciclos ganados que perdidos, ya que es imposible ganar siempre, para que luego de calcular los resultados finales, el balance sea positivo.<\/p>\r\n\r\n\r\n\r\n<p>Cualquiera sea el nivel del jugador, profesional o s\u00f3lo por diversi\u00f3n, debe utilizar estrategias para no estar en desventaja con la banca y poder ganar.<\/p>\r\n\r\n\r\n\r\n<p>Por aquella \u00e9poca comenc\u00e9 a utilizar algunos sistemas aprendidos de estos sistemistas y not\u00e9 que a pesar de obtener buenos resultados en algunos momentos, luego ven\u00eda una racha negativa donde perd\u00eda las ganancias obtenidas.<\/p>\r\n\r\n\r\n\r\n<p>Fue all\u00ed donde comenz\u00f3 en m\u00ed, un profundo inter\u00e9s por estudiar nuevos sistemas y encontrar formas de c\u00f3mo adaptar estos sistemas para hacerlos cada vez m\u00e1s seguros.<\/p>\r\n\r\n\r\n\r\n<p>Encontr\u00e9 una serie de t\u00e9cnicas que combinadas o utilizadas de forma individual, pueden aplicarse a cualquier sistema para hacerlo mas seguro.<\/p>\r\n\r\n\r\n\r\n<p>Estas t\u00e9cnicas no son para aplicar los sistemas de forma continua ya que buscan determinados momentos oportunos de apuesta, por lo tanto lo mas conveniente, es utilizarlas en casinos virtuales.<\/p>\r\n\r\n\r\n\r\n<p>Estas t\u00e9cnicas las he utilizado durante a\u00f1os con excelentes resultados y es por eso que para todos aquellos que quieran compartir mi filosof\u00eda de juego, escrib\u00ed mi propio libro sobre como Vencer en la Ruleta, disponible en formato digital y en su versi\u00f3n cl\u00e1sica en papel.<\/p>\r\n\r\n\r\n\r\n<p>El jugador debe ser realista y entender que no se puede ganar siempre, sino ganar obteniendo balances positivos en una gran cantidad de sesiones de juego como se coment\u00f3 anteriormente.<\/p>\r\n\r\n\r\n\r\n<p>Si existiera alguna forma de ganar continuamente, est\u00e1 claro que los casinos no existir\u00edan o cambiar\u00edan sus reglas.<\/p>\r\n\r\n\r\n\r\n<p>Es por eso que el objetivo de mi Libro\/Ebook, es ense\u00f1ar a realizar apuestas como un verdadero jugador profesional, para no regalarle el dinero a los casinos.<\/p>\r\n\r\n\r\n\r\n<p>En fin, un libro que no le puede faltar a todo jugador que desee obtener ganancias significativas apostando en la ruleta.<\/p>\r\n<p>Tambi\u00e9n en este sitio Web encontrar\u00e1s, <strong>compilados de sistemas<\/strong> donde aplicar las t\u00e9cnicas aprendidas con mi libro, y el <strong>Sistema Winner<\/strong>, mi sistema de ruleta exclusivo que utilizo para jugar y ganar.<\/p>\r\n<p>&nbsp;<\/p>\r\n<p style=\"text-align: center;\"><a href=\"https:\/\/pay.hotmart.com\/O102973280K\" target=\"_blank\" rel=\"noopener\"><img loading=\"lazy\" decoding=\"async\" class=\"aligncenter wp-image-238 size-full\" src=\"https:\/\/marioteresano.com\/vencerenlaruleta\/wp-content\/uploads\/2026\/02\/boton-comprar.png\" alt=\"\" width=\"420\" height=\"70\" srcset=\"https:\/\/marioteresano.com\/vencerenlaruleta\/wp-content\/uploads\/2026\/02\/boton-comprar.png 420w, https:\/\/marioteresano.com\/vencerenlaruleta\/wp-content\/uploads\/2026\/02\/boton-comprar-300x50.png 300w\" sizes=\"auto, (max-width: 420px) 100vw, 420px\" \/><\/a><\/p>\r\n<p>&nbsp;<\/p>\r\n<p><b><span style=\"color: #800000; font-size: x-large;\">Sigue estos pasos para poder jugar:<\/span><\/b><\/p>\r\n<p>1) Ingresa al casino que se encuentran aqu\u00ed debajo.<\/p>\r\n<p>2) Descarga el software de casino gratuito y procede a instalarlo en tu computadora para poner en pr\u00e1ctica los diferentes m\u00e9todos.<\/p>\r\n<p>3) Registra una cuenta por Dinero Real, para poder poner en pr\u00e1ctica los m\u00e9todos aprendidos en este sitio Web (se puede depositar a trav\u00e9s de tarjetas de cr\u00e9dito o m\u00e9todos alternativos de pago).<\/p>\r\n<p>&nbsp;<\/p>\r\n<p align=\"center\"><script src=\"https:\/\/c.bannerflow.net\/a\/6687e5b2c965887fb78a2ec9?did=657fff592225a91f2b2e2296&amp;deeplink=on&amp;adgroupid=6687e5b2c965887fb78a2ed0&amp;redirecturl=https:\/\/record.caba.betsson.bet.ar\/_miIiYpKhJuE8TTrlZEGLGe51t5g1cLjN\/1&amp;media=208362&amp;campaign=1\" async=\"\"><\/script><\/p>\r\n<p>&nbsp;<\/p>\r\n<p><b><span style=\"color: #800000; font-size: x-large;\">Libro\/Ebook: Vencer en la Ruleta (Bilingual Edition)<\/span><\/b><\/p>\r\n<p>La ventaja fundamental de este libro es que, adem\u00e1s de aprender c\u00f3mo ganar en la ruleta de los casinos virtuales, aprender\u00e1s c\u00f3mo optimizar el resultado de cualquier sistema que desees utilizar, es decir, que podr\u00e1s mejorar los resultados de cualquier estrategia de juego.<\/p>\r\n<p>El libro contiene las t\u00e9cnicas utilizadas para adaptar los sistemas y una variedad de estrategias donde pueden ser aplicadas.<\/p>\r\n<p>Para complementar la obra, tambi\u00e9n encontrar\u00e1s una serie de consejos a tener en cuenta a la hora de aplicar las t\u00e9cnicas aprendidas, incluyendo el correcto manejo del capital.<\/p>\r\n<p>En conclusi\u00f3n, un libro completo, sencillo y f\u00e1cil de aprender que no requiere para el lector, tener que leer un centenar de p\u00e1ginas para aprender como ganar en la ruleta de los Casinos Virtuales.<\/p>\r\n<p>&nbsp;<\/p>\r\n<p><a href=\"https:\/\/pay.hotmart.com\/O102973280K\" target=\"_blank\" rel=\"noopener\"><img loading=\"lazy\" decoding=\"async\" class=\"aligncenter wp-image-10 size-full\" src=\"https:\/\/marioteresano.com\/vencerenlaruleta\/wp-content\/uploads\/2025\/02\/vencer-ruleta-02.gif\" alt=\"\" width=\"600\" height=\"250\" \/><\/a><\/p>\r\n<p>&nbsp;<\/p>\r\n","protected":false},"excerpt":{"rendered":"<p>Mi labor como sistemista y jugador profesional de ruleta comenz\u00f3 en el a\u00f1o 1999 cuando pis\u00e9 por primera vez un casino&#8230; Durante mis primeras sesiones de juego en la ruleta, &hellip; <\/p>\n","protected":false},"author":2,"featured_media":0,"parent":0,"menu_order":0,"comment_status":"closed","ping_status":"closed","template":"","meta":{"footnotes":""},"class_list":["post-41","page","type-page","status-publish","hentry"],"_links":{"self":[{"href":"https:\/\/marioteresano.com\/vencerenlaruleta\/wp-json\/wp\/v2\/pages\/41","targetHints":{"allow":["GET"]}}],"collection":[{"href":"https:\/\/marioteresano.com\/vencerenlaruleta\/wp-json\/wp\/v2\/pages"}],"about":[{"href":"https:\/\/marioteresano.com\/vencerenlaruleta\/wp-json\/wp\/v2\/types\/page"}],"author":[{"embeddable":true,"href":"https:\/\/marioteresano.com\/vencerenlaruleta\/wp-json\/wp\/v2\/users\/2"}],"replies":[{"embeddable":true,"href":"https:\/\/marioteresano.com\/vencerenlaruleta\/wp-json\/wp\/v2\/comments?post=41"}],"version-history":[{"count":19,"href":"https:\/\/marioteresano.com\/vencerenlaruleta\/wp-json\/wp\/v2\/pages\/41\/revisions"}],"predecessor-version":[{"id":240,"href":"https:\/\/marioteresano.com\/vencerenlaruleta\/wp-json\/wp\/v2\/pages\/41\/revisions\/240"}],"wp:attachment":[{"href":"https:\/\/marioteresano.com\/vencerenlaruleta\/wp-json\/wp\/v2\/media?parent=41"}],"curies":[{"name":"wp","href":"https:\/\/api.w.org\/{rel}","templated":true}]}}