{"id":44,"date":"2025-02-18T11:26:17","date_gmt":"2025-02-18T14:26:17","guid":{"rendered":"https:\/\/marioteresano.com\/vencerenlaruleta\/?page_id=44"},"modified":"2026-02-07T12:46:59","modified_gmt":"2026-02-07T15:46:59","slug":"sistema-9-spins","status":"publish","type":"page","link":"https:\/\/marioteresano.com\/vencerenlaruleta\/sistema-9-spins\/","title":{"rendered":"Sistema 9 Spins"},"content":{"rendered":"\r\n<h5><strong>Reglas del sistema<\/strong><\/h5>\r\n<p>Cuando un n\u00famero sale apostamos en \u00e9l por las pr\u00f3ximas<strong> 9 bolas.<\/strong><\/p>\r\n<p>Usted solo debe apostar una sola unidad, si ese n\u00famero apostado no sale habr\u00e1 perdido <u>9 unidades<\/u>.<\/p>\r\n<p>No apostar a ning\u00fan otro n\u00famero durante esas 9 bolas.<\/p>\r\n<p>Despu\u00e9s si no acertamos se deber\u00e1 apostar al n\u00famero salido en la 9\u00ba bola.<\/p>\r\n<p>Si usted gana su apuesta ,baje su cuenta a cero y siga apostando por 9 bolas m\u00e1s en el<strong> MISMO<\/strong> n\u00famero.<\/p>\r\n<p>Usted solo utilizar\u00e1 <u>apuestas planas<\/u>, lo que le dar\u00e1 mayores ganancias.<\/p>\r\n<p>&nbsp;<\/p>\r\n<h5><strong>Ejemplo con n\u00fameros reales del Gulf Casino<\/strong><\/h5>\r\n<p><strong><u>35<\/u><\/strong> 17 29 10 30 <strong>35<\/strong> 26 16 16 0 33 29 11 2 <strong><u>3<\/u><\/strong> 8 31 19 1 22 23 17 18 <strong>3<\/strong> 30 25 28 24 19 21 0 26 36 14 13 33 29 8 4 14 29 28 31 24 17 35 34 18 1 11 <strong><u>18<\/u><\/strong> 2 2 29 6 20 <strong>18<\/strong> 28 25.<\/p>\r\n<p>*En rojo los aciertos.<\/p>\r\n<p>Si seguimos las reglas deberemos apostar el primer n\u00famero que aparece ,durante 9 bolas seguidas ,en este caso es el n\u00famero <strong>35<\/strong>.Luego de 5 bolas SALE el <strong>35<\/strong> ,dej\u00e1ndonos una ganancia de <strong>+30.<\/strong><\/p>\r\n<p>Continuando con las reglas debemos seguir apostando el 35 por 9 bolas m\u00e1s ,porque ganamos con ese n\u00famero.<\/p>\r\n<p>El n\u00famero 35 no aparece en las siguientes 9 bolas ,as\u00ed que perdemos 9 unidades.<\/p>\r\n<p>Siguiendo con las reglas ahora debemos apostar sobre el ultimo n\u00famero aparecido, osea el n\u00famero <strong>3<\/strong>.<\/p>\r\n<p>El <strong>3<\/strong> aparece en las pr\u00f3ximas 9 bolas y obtenemos una ganancia de <strong>+26 unidades.<\/strong><\/p>\r\n<p>Continuando ,debemos seguir con el 3 durante 9 bolas m\u00e1s ,ahora no sale y perdemos 9 unidades.<\/p>\r\n<p>Siguiendo con las reglas ahora debemos apostar sobre el ultimo n\u00famero aparecido, osea el n\u00famero 36.<\/p>\r\n<p>El 36 no aparece en las pr\u00f3ximas 9 bolas y perdemos 9 unidades.<\/p>\r\n<p>Siguiendo con las reglas nuestro nuevo n\u00famero es el 28 ,lo apostamos durante 9 bolas m\u00e1s y no sale.<\/p>\r\n<p>Perdemos 9 unidades.<\/p>\r\n<p>Seguimos y nuestro nuevo n\u00famero es el <strong>18<\/strong> ,lo apostamos durante 9 bolas y acertamos.<\/p>\r\n<p>Ganamos <strong>29 unidades.<\/strong><\/p>\r\n<p>Aqu\u00ed deber\u00edamos seguir apostando al 18 por 9 bolas m\u00e1s ,pero como no tenemos m\u00e1s n\u00fameros anotados paramos aqu\u00ed y hacemos el balance final.<\/p>\r\n<p>Ganamos +85 unidades.<\/p>\r\n<p>Perdimos -36 unidades.<\/p>\r\n<p><strong>Balance total: +49 unidades a favor.<\/strong><\/p>\r\n<p>&nbsp;<\/p>\r\n<p><b><span style=\"color: #800000; font-size: x-large;\">Sigue estos pasos para poder jugar:<\/span><\/b><\/p>\r\n<p>1) Ingresa al casino que se encuentran aqu\u00ed debajo.<\/p>\r\n<p>2) Descarga el software de casino gratuito y procede a instalarlo en tu computadora para poner en pr\u00e1ctica los diferentes m\u00e9todos.<\/p>\r\n<p>3) Registra una cuenta por Dinero Real, para poder poner en pr\u00e1ctica los m\u00e9todos aprendidos en este sitio Web (se puede depositar a trav\u00e9s de tarjetas de cr\u00e9dito o m\u00e9todos alternativos de pago).<\/p>\r\n<p>&nbsp;<\/p>\r\n<p align=\"center\"><script src=\"https:\/\/c.bannerflow.net\/a\/6687e5b2c965887fb78a2ec9?did=657fff592225a91f2b2e2296&#038;deeplink=on&#038;adgroupid=6687e5b2c965887fb78a2ed0&#038;redirecturl=https:\/\/record.caba.betsson.bet.ar\/_miIiYpKhJuE8TTrlZEGLGe51t5g1cLjN\/1&#038;media=208362&#038;campaign=1\" async><\/script><\/p>\r\n<p>&nbsp;<\/p>\r\n<p><b><span style=\"color: #800000; font-size: x-large;\">Libro\/Ebook: Vencer en la Ruleta (Bilingual Edition)<\/span><\/b><\/p>\r\n<p>La ventaja fundamental de este libro es que, adem\u00e1s de aprender c\u00f3mo ganar en la ruleta de los casinos virtuales, aprender\u00e1s c\u00f3mo optimizar el resultado de cualquier sistema que desees utilizar, es decir, que podr\u00e1s mejorar los resultados de cualquier estrategia de juego.<\/p>\r\n<p>El libro contiene las t\u00e9cnicas utilizadas para adaptar los sistemas y una variedad de estrategias donde pueden ser aplicadas.<\/p>\r\n<p>Para complementar la obra, tambi\u00e9n encontrar\u00e1s una serie de consejos a tener en cuenta a la hora de aplicar las t\u00e9cnicas aprendidas, incluyendo el correcto manejo del capital.<\/p>\r\n<p>En conclusi\u00f3n, un libro completo, sencillo y f\u00e1cil de aprender que no requiere para el lector, tener que leer un centenar de p\u00e1ginas para aprender como ganar en la ruleta de los Casinos Virtuales.<\/p>\r\n<p>&nbsp;<\/p>\r\n<p><a href=\"https:\/\/pay.hotmart.com\/O102973280K\" target=\"_blank\" rel=\"noopener\"><img loading=\"lazy\" decoding=\"async\" class=\"aligncenter wp-image-10 size-full\" src=\"https:\/\/marioteresano.com\/vencerenlaruleta\/wp-content\/uploads\/2025\/02\/vencer-ruleta-02.gif\" alt=\"\" width=\"600\" height=\"250\" \/><\/a><\/p>\r\n<p>&nbsp;<\/p>\r\n","protected":false},"excerpt":{"rendered":"<p>Reglas del sistema Cuando un n\u00famero sale apostamos en \u00e9l por las pr\u00f3ximas 9 bolas. Usted solo debe apostar una sola unidad, si ese n\u00famero apostado no sale habr\u00e1 perdido &hellip; <\/p>\n","protected":false},"author":2,"featured_media":0,"parent":0,"menu_order":0,"comment_status":"closed","ping_status":"closed","template":"","meta":{"footnotes":""},"class_list":["post-44","page","type-page","status-publish","hentry"],"_links":{"self":[{"href":"https:\/\/marioteresano.com\/vencerenlaruleta\/wp-json\/wp\/v2\/pages\/44","targetHints":{"allow":["GET"]}}],"collection":[{"href":"https:\/\/marioteresano.com\/vencerenlaruleta\/wp-json\/wp\/v2\/pages"}],"about":[{"href":"https:\/\/marioteresano.com\/vencerenlaruleta\/wp-json\/wp\/v2\/types\/page"}],"author":[{"embeddable":true,"href":"https:\/\/marioteresano.com\/vencerenlaruleta\/wp-json\/wp\/v2\/users\/2"}],"replies":[{"embeddable":true,"href":"https:\/\/marioteresano.com\/vencerenlaruleta\/wp-json\/wp\/v2\/comments?post=44"}],"version-history":[{"count":16,"href":"https:\/\/marioteresano.com\/vencerenlaruleta\/wp-json\/wp\/v2\/pages\/44\/revisions"}],"predecessor-version":[{"id":230,"href":"https:\/\/marioteresano.com\/vencerenlaruleta\/wp-json\/wp\/v2\/pages\/44\/revisions\/230"}],"wp:attachment":[{"href":"https:\/\/marioteresano.com\/vencerenlaruleta\/wp-json\/wp\/v2\/media?parent=44"}],"curies":[{"name":"wp","href":"https:\/\/api.w.org\/{rel}","templated":true}]}}