{"id":46,"date":"2025-02-18T11:29:12","date_gmt":"2025-02-18T14:29:12","guid":{"rendered":"https:\/\/marioteresano.com\/vencerenlaruleta\/?page_id=46"},"modified":"2026-02-07T12:47:16","modified_gmt":"2026-02-07T15:47:16","slug":"sistema-de-punteros","status":"publish","type":"page","link":"https:\/\/marioteresano.com\/vencerenlaruleta\/sistema-de-punteros\/","title":{"rendered":"Sistema de Punteros"},"content":{"rendered":"\r\n<p>Cuando un numero aparece 4 veces en 36 bolas se lo comienza a jugar as\u00ed&#8230;<\/p>\r\n\r\n\r\n\r\n<p><strong>4 bolas a la l\u00ednea que lo contiene<\/strong>\u00a0(considerando la l\u00ednea en el orden especificado m\u00e1s adelante)<\/p>\r\n\r\n\r\n\r\n<p><strong>2 bolas al cuadro que lo contiene\u00a0<\/strong>(igual que el anterior).<\/p>\r\n\r\n\r\n\r\n<p><strong>3 bolas a la l\u00ednea que lo contiene.<\/strong><\/p>\r\n\r\n\r\n\r\n<p><strong>6 bolas al semipleno que lo contiene.<\/strong><\/p>\r\n\r\n\r\n\r\n<p><strong>21 bolas al pleno.<\/strong><\/p>\r\n\r\n\r\n\r\n<p>Cada vez que tengas un acierto tu saldo ser\u00e1 positivo y comenzar\u00e1s desde el principio (el acierto no importa que provenga del \u00abpuntero\u00bb) y dejaras de jugarlo cuando el pleno no salga en 36 bolas con una perdida inferior casi siempre a 36 fichas y en muchos casos incluso cerraras con ganancia.<\/p>\r\n\r\n\r\n\r\n<p>En el caso que el pleno siga apareciendo, el ciclo continua desde la ultima aparici\u00f3n.<\/p>\r\n\r\n\r\n\r\n<p>Si tu saldo por pleno es de 36 fichas arriba, tu pr\u00f3ximo ciclo ser\u00e1 de 2 fichas por apuesta.<\/p>\r\n\r\n\r\n\r\n<p>Generalmente se siguen los 3 mas punteros, por lo que es recomendable comenzar con un numero con 5 apariciones, las 4 ultimas dentro de las ultimas 36.<\/p>\r\n\r\n\r\n\r\n<p>El criterio de agrupaci\u00f3n se hace visible si hacemos una lista en papel de los n\u00fameros del 0 al 36 y hacemos una cruz en cada aparici\u00f3n.<\/p>\r\n\r\n\r\n\r\n<p>Las calles, l\u00edneas, cuadros y semiplenos se eligen concentrando los sectores mas poblados, si esto no es posible se elige arbitrariamente, migrando a lo recomendado apenas se de la condici\u00f3n.<\/p>\r\n\r\n\r\n\r\n<p>Es un juego lento y requiere tiempo en el casino, pero con 150 fichas se puede obtener un resultado de 100 en un par de horas de juego.<\/p>\r\n\r\n\r\n\r\n<p>Una variante del sistema consiste en hacer exactamente lo mismo pero adem\u00e1s apostando al pleno correspondiente todas las bolas.<\/p>\r\n\r\n\r\n\r\n<p>En este caso la caja deber\u00eda ser de 200 fichas para obtener 150.<\/p>\r\n<p>&nbsp;<\/p>\r\n<p><b><span style=\"color: #800000; font-size: x-large;\">Sigue estos pasos para poder jugar:<\/span><\/b><\/p>\r\n<p>1) Ingresa al casino que se encuentran aqu\u00ed debajo.<\/p>\r\n<p>2) Descarga el software de casino gratuito y procede a instalarlo en tu computadora para poner en pr\u00e1ctica los diferentes m\u00e9todos.<\/p>\r\n<p>3) Registra una cuenta por Dinero Real, para poder poner en pr\u00e1ctica los m\u00e9todos aprendidos en este sitio Web (se puede depositar a trav\u00e9s de tarjetas de cr\u00e9dito o m\u00e9todos alternativos de pago).<\/p>\r\n<p>&nbsp;<\/p>\r\n<p align=\"center\"><script src=\"https:\/\/c.bannerflow.net\/a\/6687e5b2c965887fb78a2ec9?did=657fff592225a91f2b2e2296&amp;deeplink=on&amp;adgroupid=6687e5b2c965887fb78a2ed0&amp;redirecturl=https:\/\/record.caba.betsson.bet.ar\/_miIiYpKhJuE8TTrlZEGLGe51t5g1cLjN\/1&amp;media=208362&amp;campaign=1\" async=\"\"><\/script><\/p>\r\n<p>&nbsp;<\/p>\r\n<p><b><span style=\"color: #800000; font-size: x-large;\">Libro\/Ebook: Vencer en la Ruleta (Bilingual Edition)<\/span><\/b><\/p>\r\n<p>La ventaja fundamental de este libro es que, adem\u00e1s de aprender c\u00f3mo ganar en la ruleta de los casinos virtuales, aprender\u00e1s c\u00f3mo optimizar el resultado de cualquier sistema que desees utilizar, es decir, que podr\u00e1s mejorar los resultados de cualquier estrategia de juego.<\/p>\r\n<p>El libro contiene las t\u00e9cnicas utilizadas para adaptar los sistemas y una variedad de estrategias donde pueden ser aplicadas.<\/p>\r\n<p>Para complementar la obra, tambi\u00e9n encontrar\u00e1s una serie de consejos a tener en cuenta a la hora de aplicar las t\u00e9cnicas aprendidas, incluyendo el correcto manejo del capital.<\/p>\r\n<p>En conclusi\u00f3n, un libro completo, sencillo y f\u00e1cil de aprender que no requiere para el lector, tener que leer un centenar de p\u00e1ginas para aprender como ganar en la ruleta de los Casinos Virtuales.<\/p>\r\n<p>&nbsp;<\/p>\r\n<p><a href=\"https:\/\/pay.hotmart.com\/O102973280K\" target=\"_blank\" rel=\"noopener\"><img loading=\"lazy\" decoding=\"async\" class=\"aligncenter wp-image-10 size-full\" src=\"https:\/\/marioteresano.com\/vencerenlaruleta\/wp-content\/uploads\/2025\/02\/vencer-ruleta-02.gif\" alt=\"\" width=\"600\" height=\"250\" \/><\/a><\/p>\r\n<p>&nbsp;<\/p>\r\n","protected":false},"excerpt":{"rendered":"<p>Cuando un numero aparece 4 veces en 36 bolas se lo comienza a jugar as\u00ed&#8230; 4 bolas a la l\u00ednea que lo contiene\u00a0(considerando la l\u00ednea en el orden especificado m\u00e1s &hellip; <\/p>\n","protected":false},"author":2,"featured_media":0,"parent":0,"menu_order":0,"comment_status":"closed","ping_status":"closed","template":"","meta":{"footnotes":""},"class_list":["post-46","page","type-page","status-publish","hentry"],"_links":{"self":[{"href":"https:\/\/marioteresano.com\/vencerenlaruleta\/wp-json\/wp\/v2\/pages\/46","targetHints":{"allow":["GET"]}}],"collection":[{"href":"https:\/\/marioteresano.com\/vencerenlaruleta\/wp-json\/wp\/v2\/pages"}],"about":[{"href":"https:\/\/marioteresano.com\/vencerenlaruleta\/wp-json\/wp\/v2\/types\/page"}],"author":[{"embeddable":true,"href":"https:\/\/marioteresano.com\/vencerenlaruleta\/wp-json\/wp\/v2\/users\/2"}],"replies":[{"embeddable":true,"href":"https:\/\/marioteresano.com\/vencerenlaruleta\/wp-json\/wp\/v2\/comments?post=46"}],"version-history":[{"count":7,"href":"https:\/\/marioteresano.com\/vencerenlaruleta\/wp-json\/wp\/v2\/pages\/46\/revisions"}],"predecessor-version":[{"id":231,"href":"https:\/\/marioteresano.com\/vencerenlaruleta\/wp-json\/wp\/v2\/pages\/46\/revisions\/231"}],"wp:attachment":[{"href":"https:\/\/marioteresano.com\/vencerenlaruleta\/wp-json\/wp\/v2\/media?parent=46"}],"curies":[{"name":"wp","href":"https:\/\/api.w.org\/{rel}","templated":true}]}}