{"id":58,"date":"2025-02-18T12:51:31","date_gmt":"2025-02-18T15:51:31","guid":{"rendered":"https:\/\/marioteresano.com\/vencerenlaruleta\/?page_id=58"},"modified":"2026-02-07T12:47:32","modified_gmt":"2026-02-07T15:47:32","slug":"sistema-jacobo-winograd","status":"publish","type":"page","link":"https:\/\/marioteresano.com\/vencerenlaruleta\/sistema-jacobo-winograd\/","title":{"rendered":"Sistema Jacobo Winograd"},"content":{"rendered":"\r\n<p>Este sistema es muy simple de utilizar.<\/p>\r\n\r\n\r\n\r\n<p>Fue popularizado por el conocido farandulero Jacobo Winograd, y es el que utilizo hasta que los casinos le prohibieron la entrada.<\/p>\r\n\r\n\r\n\r\n<p>Consiste en apostar a los siguientes plenos:<\/p>\r\n\r\n\r\n\r\n<p id=\"block-e78c21f7-4212-4afe-8cae-98bad6bb4df6\">0, 3, 4, 7, 9, 12, 15, 18, 19, 20, 21, y del 22 al 36 todo!<\/p>\r\n\r\n\r\n\r\n<p>Decia que siempre despues de errar 3 o 4 bolas venian 7 o 10 buenas.<\/p>\r\n\r\n\r\n\r\n<p>Puedes apostar a estos plenos usando algun tipo de progresion para mejorar los resultados.<\/p>\r\n\r\n\r\n\r\n<p>&nbsp;<\/p>\r\n<p><b><span style=\"color: #800000; font-size: x-large;\">Sigue estos pasos para poder jugar:<\/span><\/b><\/p>\r\n<p>1) Ingresa al casino que se encuentran aqu\u00ed debajo.<\/p>\r\n<p>2) Descarga el software de casino gratuito y procede a instalarlo en tu computadora para poner en pr\u00e1ctica los diferentes m\u00e9todos.<\/p>\r\n<p>3) Registra una cuenta por Dinero Real, para poder poner en pr\u00e1ctica los m\u00e9todos aprendidos en este sitio Web (se puede depositar a trav\u00e9s de tarjetas de cr\u00e9dito o m\u00e9todos alternativos de pago).<\/p>\r\n<p>&nbsp;<\/p>\r\n<p align=\"center\"><script src=\"https:\/\/c.bannerflow.net\/a\/6687e5b2c965887fb78a2ec9?did=657fff592225a91f2b2e2296&amp;deeplink=on&amp;adgroupid=6687e5b2c965887fb78a2ed0&amp;redirecturl=https:\/\/record.caba.betsson.bet.ar\/_miIiYpKhJuE8TTrlZEGLGe51t5g1cLjN\/1&amp;media=208362&amp;campaign=1\" async=\"\"><\/script><\/p>\r\n<p>&nbsp;<\/p>\r\n<p><b><span style=\"color: #800000; font-size: x-large;\">Libro\/Ebook: Vencer en la Ruleta (Bilingual Edition)<\/span><\/b><\/p>\r\n<p>La ventaja fundamental de este libro es que, adem\u00e1s de aprender c\u00f3mo ganar en la ruleta de los casinos virtuales, aprender\u00e1s c\u00f3mo optimizar el resultado de cualquier sistema que desees utilizar, es decir, que podr\u00e1s mejorar los resultados de cualquier estrategia de juego.<\/p>\r\n<p>El libro contiene las t\u00e9cnicas utilizadas para adaptar los sistemas y una variedad de estrategias donde pueden ser aplicadas.<\/p>\r\n<p>Para complementar la obra, tambi\u00e9n encontrar\u00e1s una serie de consejos a tener en cuenta a la hora de aplicar las t\u00e9cnicas aprendidas, incluyendo el correcto manejo del capital.<\/p>\r\n<p>En conclusi\u00f3n, un libro completo, sencillo y f\u00e1cil de aprender que no requiere para el lector, tener que leer un centenar de p\u00e1ginas para aprender como ganar en la ruleta de los Casinos Virtuales.<\/p>\r\n<p>&nbsp;<\/p>\r\n<p><a href=\"https:\/\/pay.hotmart.com\/O102973280K\" target=\"_blank\" rel=\"noopener\"><img loading=\"lazy\" decoding=\"async\" class=\"aligncenter wp-image-10 size-full\" src=\"https:\/\/marioteresano.com\/vencerenlaruleta\/wp-content\/uploads\/2025\/02\/vencer-ruleta-02.gif\" alt=\"\" width=\"600\" height=\"250\" \/><\/a><\/p>\r\n<p>&nbsp;<\/p>\r\n","protected":false},"excerpt":{"rendered":"<p>Este sistema es muy simple de utilizar. Fue popularizado por el conocido farandulero Jacobo Winograd, y es el que utilizo hasta que los casinos le prohibieron la entrada. Consiste en &hellip; <\/p>\n","protected":false},"author":2,"featured_media":0,"parent":0,"menu_order":0,"comment_status":"closed","ping_status":"closed","template":"","meta":{"footnotes":""},"class_list":["post-58","page","type-page","status-publish","hentry"],"_links":{"self":[{"href":"https:\/\/marioteresano.com\/vencerenlaruleta\/wp-json\/wp\/v2\/pages\/58","targetHints":{"allow":["GET"]}}],"collection":[{"href":"https:\/\/marioteresano.com\/vencerenlaruleta\/wp-json\/wp\/v2\/pages"}],"about":[{"href":"https:\/\/marioteresano.com\/vencerenlaruleta\/wp-json\/wp\/v2\/types\/page"}],"author":[{"embeddable":true,"href":"https:\/\/marioteresano.com\/vencerenlaruleta\/wp-json\/wp\/v2\/users\/2"}],"replies":[{"embeddable":true,"href":"https:\/\/marioteresano.com\/vencerenlaruleta\/wp-json\/wp\/v2\/comments?post=58"}],"version-history":[{"count":7,"href":"https:\/\/marioteresano.com\/vencerenlaruleta\/wp-json\/wp\/v2\/pages\/58\/revisions"}],"predecessor-version":[{"id":232,"href":"https:\/\/marioteresano.com\/vencerenlaruleta\/wp-json\/wp\/v2\/pages\/58\/revisions\/232"}],"wp:attachment":[{"href":"https:\/\/marioteresano.com\/vencerenlaruleta\/wp-json\/wp\/v2\/media?parent=58"}],"curies":[{"name":"wp","href":"https:\/\/api.w.org\/{rel}","templated":true}]}}